{"id":2708,"date":"2018-06-16T12:55:31","date_gmt":"2018-06-16T12:55:31","guid":{"rendered":"https:\/\/myhometheme.net\/market\/?page_id=2708"},"modified":"2023-06-15T10:38:17","modified_gmt":"2023-06-15T07:38:17","slug":"property-management","status":"publish","type":"page","link":"https:\/\/alkedinvest.com\/tr\/services\/property-management\/","title":{"rendered":"M\u00fclkiyet y\u00f6netimi"},"content":{"rendered":"<section class=\"wpb-content-wrapper\"><p>[vc_row][vc_column width=&#8221;1\/3&#8243;][vc_single_image image=&#8221;3340&#8243; img_size=&#8221;large&#8221; onclick=&#8221;link_image&#8221;][\/vc_column][vc_column width=&#8221;2\/3&#8243;]<div class=\"mh-heading-wrapper--left \">\r\n\t\r\n        <div class=\"mh-heading-wrapper\">\r\n            <h4            class=\"mh-heading  mh-heading--bottom-separator   \"\r\n            style=\"font-weight:700;\">\r\n\t\t\tSat\u0131\u015f Sonras\u0131 Hizmetlerimiz!        <\/h4>\r\n\r\n\t\t    <\/div>\r\n\r\n\t<\/div>[vc_column_text]Hayalinizdeki eve ta\u015f\u0131nd\u0131\u011f\u0131n\u0131z ilk g\u00fcnden itibaren maksimum konforu aya\u011f\u0131n\u0131za getirecek ve evinizin keyfini s\u00fcrmeye ba\u015flayabilece\u011finiz pratik \u00e7\u00f6z\u00fcmler sunabiliriz.[\/vc_column_text][\/vc_column][\/vc_row][vc_row][vc_column][vc_column_text]T\u00fcrkiye&#8217;deki m\u00fclk\u00fcn\u00fcz i\u00e7in yetkili bir y\u00f6netici se\u00e7mek, evinizin \/ dairenizin daha fazla durumunu etkileyen \u00f6nemli bir fakt\u00f6rd\u00fcr.<\/p>\n<p>Her m\u00fclk sahibi, y\u00f6neticiden y\u00fcksek d\u00fczeyde sorumluluk, hesap verebilirlik ve i\u015fletme bilgisi bekler.<\/p>\n<p><strong>Al-ked Invest<\/strong> m\u00fclkiyeti m\u00fc\u015fterilerine tesisin m\u00fckemmel i\u015fleyi\u015fi, bak\u0131m maliyetini d\u00fc\u015f\u00fcrmek ve kullan\u0131m\u0131ndan elde edilen kazanc\u0131 art\u0131rmak amac\u0131yla Alanya&#8217;da bireysel m\u00fclk y\u00f6netimi sunmaktad\u0131r.<\/p>\n<p>M\u00fclk y\u00f6netimi hizmet paketi \u015funlar\u0131 i\u00e7erir (ayarlamalara izin verilir):<\/p>\n<ul>\n<li>m\u00fclk\u00fcn\u00fcz\u00fcn durumunun ayl\u0131k izlenmesi<\/li>\n<li>elektrik, su, telefon, kamu hizmetleri i\u00e7in mevcut \u00f6demelerin \u00f6denmesi<\/li>\n<li>y\u0131ll\u0131k emlak vergisinin \u00f6denmesi<\/li>\n<li>transfer organizasyonu<\/li>\n<li>m\u00fclk\u00fcn\u00fcz\u00fc temizleme organizasyonu<\/li>\n<li>onar\u0131mlar, sorun giderme vb. ile ilgili i\u015flerde yard\u0131m<\/li>\n<li>m\u00fclk\u00fcn\u00fcz\u00fcn kiras\u0131<\/li>\n<\/ul>\n<p><strong>Al-ked Invest<em>&#8216;den gayrimenkul sat\u0131n ald\u0131\u011f\u0131n\u0131zda, edinilen m\u00fclk\u00fcn ilk 6 ayl\u0131k y\u00f6netimi \u00fccretsizdir !!!!<\/em><\/strong>[\/vc_column_text][\/vc_column][\/vc_row]<\/p>\n<\/section>","protected":false},"excerpt":{"rendered":"<p>[vc_row][vc_column width=&#8221;1\/3&#8243;][vc_single_image image=&#8221;3340&#8243; img_size=&#8221;large&#8221; onclick=&#8221;link_image&#8221;][\/vc_column][vc_column width=&#8221;2\/3&#8243;][vc_column_text]Hayalinizdeki eve ta\u015f\u0131nd\u0131\u011f\u0131n\u0131z ilk g\u00fcnden itibaren maksimum konforu aya\u011f\u0131n\u0131za getirecek ve evinizin keyfini s\u00fcrmeye ba\u015flayabilece\u011finiz pratik \u00e7\u00f6z\u00fcmler sunabiliriz.[\/vc_column_text][\/vc_column][\/vc_row][vc_row][vc_column][vc_column_text]T\u00fcrkiye&#8217;deki m\u00fclk\u00fcn\u00fcz i\u00e7in yetkili bir y\u00f6netici se\u00e7mek, evinizin \/ dairenizin daha fazla durumunu etkileyen \u00f6nemli bir fakt\u00f6rd\u00fcr. Her m\u00fclk sahibi, y\u00f6neticiden y\u00fcksek d\u00fczeyde sorumluluk, hesap verebilirlik ve i\u015fletme bilgisi bekler. Al-ked Invest m\u00fclkiyeti [&hellip;]<\/p>\n","protected":false},"author":29,"featured_media":3485,"parent":2199,"menu_order":0,"comment_status":"closed","ping_status":"closed","template":"page_right-sidebar-with-top-title.php","meta":[],"_links":{"self":[{"href":"https:\/\/alkedinvest.com\/tr\/wp-json\/wp\/v2\/pages\/2708"}],"collection":[{"href":"https:\/\/alkedinvest.com\/tr\/wp-json\/wp\/v2\/pages"}],"about":[{"href":"https:\/\/alkedinvest.com\/tr\/wp-json\/wp\/v2\/types\/page"}],"author":[{"embeddable":true,"href":"https:\/\/alkedinvest.com\/tr\/wp-json\/wp\/v2\/users\/29"}],"replies":[{"embeddable":true,"href":"https:\/\/alkedinvest.com\/tr\/wp-json\/wp\/v2\/comments?post=2708"}],"version-history":[{"count":4,"href":"https:\/\/alkedinvest.com\/tr\/wp-json\/wp\/v2\/pages\/2708\/revisions"}],"predecessor-version":[{"id":24969,"href":"https:\/\/alkedinvest.com\/tr\/wp-json\/wp\/v2\/pages\/2708\/revisions\/24969"}],"up":[{"embeddable":true,"href":"https:\/\/alkedinvest.com\/tr\/wp-json\/wp\/v2\/pages\/2199"}],"wp:featuredmedia":[{"embeddable":true,"href":"https:\/\/alkedinvest.com\/tr\/wp-json\/wp\/v2\/media\/3485"}],"wp:attachment":[{"href":"https:\/\/alkedinvest.com\/tr\/wp-json\/wp\/v2\/media?parent=2708"}],"curies":[{"name":"wp","href":"https:\/\/api.w.org\/{rel}","templated":true}]}}