{"id":2706,"date":"2018-06-16T12:55:07","date_gmt":"2018-06-16T12:55:07","guid":{"rendered":"https:\/\/myhometheme.net\/market\/?page_id=2706"},"modified":"2023-05-26T10:06:46","modified_gmt":"2023-05-26T07:06:46","slug":"after-sales-service","status":"publish","type":"page","link":"https:\/\/alkedinvest.com\/tr\/services\/after-sales-service\/","title":{"rendered":"Sat\u0131\u015f sonras\u0131 servis"},"content":{"rendered":"<section class=\"wpb-content-wrapper\"><p>[vc_row][vc_column width=&#8221;1\/3&#8243;][vc_single_image image=&#8221;3473&#8243; img_size=&#8221;medium&#8221; onclick=&#8221;link_image&#8221;][\/vc_column][vc_column width=&#8221;2\/3&#8243;][vc_column_text]<strong>Alanya&#8217;da gayrimenkul sahibi oldunuz.<\/strong><\/p>\n<p>\u015eimdi d\u00fc\u015f\u00fcnceleriniz nas\u0131l d\u00fczenlenece\u011fi, kafan\u0131z akdeniz&#8217;deki evinize \/ dairenize nas\u0131l rahatl\u0131k ve konfor kazand\u0131raca\u011f\u0131yla me\u015fgul.[\/vc_column_text][\/vc_column][\/vc_row][vc_row][vc_column][vc_column_text]Alanya&#8217;da gayrimenkul al\u0131m\u0131ndan sonra yeni g\u00f6revler ortaya \u00e7\u0131k\u0131yor: su ve elektrik i\u00e7in abone faturalar\u0131 elde etmek, mobilya ve ev aletleri ile d\u00f6\u015femek ve bir yabanc\u0131n\u0131n ba\u011f\u0131ms\u0131z ve etkili bir \u015fekilde \u00e7\u00f6zemeyece\u011fi di\u011fer yayg\u0131n ev sorunlar\u0131. Burada uzman yard\u0131m\u0131na ihtiya\u00e7 var!<\/p>\n<p>\u015eirketin sat\u0131\u015f sonras\u0131 servis departman\u0131 size her t\u00fcrl\u00fc g\u00f6revde yard\u0131mc\u0131 olmaktan mutluluk duyacakt\u0131r:<\/p>\n<ul>\n<li>E\u015fyalar\u0131n ta\u015f\u0131nmas\u0131<\/li>\n<li>Su temini, enerji temini, tel ve mobil telefon hizmetlerinin sa\u011flanmas\u0131 i\u00e7in abonelik anla\u015fmalar\u0131n\u0131n sonu\u00e7land\u0131r\u0131lmas\u0131<\/li>\n<li>Temizlik<\/li>\n<li>Tasar\u0131mc\u0131 yenileme<\/li>\n<li>Mobilya, ev aletleri al\u0131m\u0131<\/li>\n<\/ul>\n<p>M\u00fc\u015fterilerimizin isteklerine sayg\u0131 duyuyor ve her \u015feyin kaliteli, hatas\u0131z ve zaman\u0131nda yap\u0131lmas\u0131n\u0131 sa\u011fl\u0131yoruz.[\/vc_column_text][\/vc_column][\/vc_row]<\/p>\n<\/section>","protected":false},"excerpt":{"rendered":"<p>[vc_row][vc_column width=&#8221;1\/3&#8243;][vc_single_image image=&#8221;3473&#8243; img_size=&#8221;medium&#8221; onclick=&#8221;link_image&#8221;][\/vc_column][vc_column width=&#8221;2\/3&#8243;][vc_column_text]Alanya&#8217;da gayrimenkul sahibi oldunuz. \u015eimdi d\u00fc\u015f\u00fcnceleriniz nas\u0131l d\u00fczenlenece\u011fi, kafan\u0131z akdeniz&#8217;deki evinize \/ dairenize nas\u0131l rahatl\u0131k ve konfor kazand\u0131raca\u011f\u0131yla me\u015fgul.[\/vc_column_text][\/vc_column][\/vc_row][vc_row][vc_column][vc_column_text]Alanya&#8217;da gayrimenkul al\u0131m\u0131ndan sonra yeni g\u00f6revler ortaya \u00e7\u0131k\u0131yor: su ve elektrik i\u00e7in abone faturalar\u0131 elde etmek, mobilya ve ev aletleri ile d\u00f6\u015femek ve bir yabanc\u0131n\u0131n ba\u011f\u0131ms\u0131z ve etkili bir \u015fekilde \u00e7\u00f6zemeyece\u011fi di\u011fer [&hellip;]<\/p>\n","protected":false},"author":29,"featured_media":3473,"parent":2199,"menu_order":0,"comment_status":"closed","ping_status":"closed","template":"page_right-sidebar-with-top-title.php","meta":[],"_links":{"self":[{"href":"https:\/\/alkedinvest.com\/tr\/wp-json\/wp\/v2\/pages\/2706"}],"collection":[{"href":"https:\/\/alkedinvest.com\/tr\/wp-json\/wp\/v2\/pages"}],"about":[{"href":"https:\/\/alkedinvest.com\/tr\/wp-json\/wp\/v2\/types\/page"}],"author":[{"embeddable":true,"href":"https:\/\/alkedinvest.com\/tr\/wp-json\/wp\/v2\/users\/29"}],"replies":[{"embeddable":true,"href":"https:\/\/alkedinvest.com\/tr\/wp-json\/wp\/v2\/comments?post=2706"}],"version-history":[{"count":4,"href":"https:\/\/alkedinvest.com\/tr\/wp-json\/wp\/v2\/pages\/2706\/revisions"}],"predecessor-version":[{"id":24179,"href":"https:\/\/alkedinvest.com\/tr\/wp-json\/wp\/v2\/pages\/2706\/revisions\/24179"}],"up":[{"embeddable":true,"href":"https:\/\/alkedinvest.com\/tr\/wp-json\/wp\/v2\/pages\/2199"}],"wp:featuredmedia":[{"embeddable":true,"href":"https:\/\/alkedinvest.com\/tr\/wp-json\/wp\/v2\/media\/3473"}],"wp:attachment":[{"href":"https:\/\/alkedinvest.com\/tr\/wp-json\/wp\/v2\/media?parent=2706"}],"curies":[{"name":"wp","href":"https:\/\/api.w.org\/{rel}","templated":true}]}}