{"id":24160,"date":"2023-05-25T20:36:31","date_gmt":"2023-05-25T17:36:31","guid":{"rendered":"https:\/\/alkedinvest.com\/?page_id=24160"},"modified":"2023-05-26T12:37:20","modified_gmt":"2023-05-26T09:37:20","slug":"inspection-trip","status":"publish","type":"page","link":"https:\/\/alkedinvest.com\/tr\/services\/inspection-trip\/","title":{"rendered":"\u0130nceleme Gezisi"},"content":{"rendered":"<section class=\"wpb-content-wrapper\"><p>[vc_row content_placement=&#8221;middle&#8221;][vc_column width=&#8221;1\/3&#8243;][vc_single_image image=&#8221;24166&#8243; img_size=&#8221;full&#8221; onclick=&#8221;link_image&#8221;][\/vc_column][vc_column width=&#8221;2\/3&#8243;][vc_column_text]Gayrimenkul sat\u0131n almak, \u00f6zellikle yurtd\u0131\u015f\u0131nda m\u00fclk almaya karar verirseniz ciddi bir karard\u0131r. Tipik olarak al\u0131c\u0131n\u0131n s\u0131n\u0131rl\u0131 zaman\u0131 vard\u0131r ve geni\u015f bir gayrimenkul yelpazesi vard\u0131r. Elbette daireleri kataloglardan, bro\u015f\u00fcrlerden, foto\u011fraflardan ve video kliplerden \u00e7evrimi\u00e7i olarak g\u00f6r\u00fcnt\u00fclemenize yard\u0131mc\u0131 olacakt\u0131r. Modern teknoloji, y\u00fcksek kalitede g\u00f6rsel bilgi sunmam\u0131z\u0131 sa\u011flar, ancak bu her zaman do\u011fru ko\u015fullar\u0131 g\u00f6stermez; bu nedenle bir inceleme gezisi \u00f6nerebiliriz.[\/vc_column_text][\/vc_column][\/vc_row][vc_row][vc_column][vc_column_text]M\u00fclk\u00fcn inceleme turu, size yerle tan\u0131\u015fma ve \u00f6nerilen m\u00fclklerin farkl\u0131 varyasyonlar\u0131n\u0131 g\u00f6rme f\u0131rsat\u0131 veriyor. Ayr\u0131ca tercih etti\u011finiz T\u00fcrkiye&#8217;de \u015fehir, m\u00fclk\u00fcn konumu ve hayat\u0131n g\u00fcnl\u00fck ya\u015famdaki ritim duygusu hakk\u0131nda daha fazla bilgi sahibi olursunuz.<\/p>\n<p>Al-ked Invest size bu hizmetleri sunmaktad\u0131r:<\/p>\n<ul>\n<li>Havaalan\u0131nda bulu\u015fmak, otele transfer<\/li>\n<li>\u015eehirde bir otelde veya apartmanda 3-4 g\u00fcn kalmak<\/li>\n<li>M\u00fclk\u00fc ziyaret edin<\/li>\n<li>M\u00fclk sat\u0131n alma tavsiyesi<\/li>\n<li>Alanya emlak piyasas\u0131 hakk\u0131nda tavsiyeler<\/li>\n<li>Havaalan\u0131na transfer<\/li>\n<\/ul>\n<p>Ziyaretiniz s\u0131ras\u0131nda size t\u00fcm sorular\u0131n\u0131z\u0131 cevaplayacak, sat\u0131n alma i\u015fleminden sonra gayrimenkul ve gayrimenkul hizmetleri sat\u0131n alma s\u00fcrecinde tavsiyelerde bulunacak kurulu\u015fumuzun lisansl\u0131 bir emlak uzman\u0131 e\u015flik edecektir.<\/p>\n<p>Bu t\u00fcr geziler, m\u00fclk hakk\u0131nda objektif bir fikir olu\u015fturman\u0131za ve T\u00fcrkiye&#8217;de hangi kalite ve tarz\u0131 tercih etti\u011finiz konusunda size yard\u0131mc\u0131 olacakt\u0131r.<\/p>\n<p>\u015eirketimiz AL-KED INVEST ile m\u00fclk sat\u0131n al\u0131rsan\u0131z, \u015firket al\u0131c\u0131ya ait u\u00e7u\u015f, ula\u015f\u0131m ve konaklama dahil t\u00fcm masraflar\u0131 tamamen kar\u015f\u0131layacakt\u0131r.<\/p>\n<p><strong>Kendi yolunu yapmak<\/strong><\/p>\n<p>T\u00fcrkiye&#8217;ye bir gezi i\u00e7in kendi d\u00fczenlemelerinizi yap\u0131yorsan\u0131z, yola \u00e7\u0131kmadan \u00f6nce sizin i\u00e7in randevu ayarlamaktan memnuniyet duyar\u0131z. Bu, ki\u015fisel m\u00fclk portf\u00f6y\u00fcn\u00fcz\u00fc se\u00e7ti\u011finiz var\u0131\u015f noktas\u0131na varmadan \u00f6nce haz\u0131rlayabilmemiz i\u00e7in gereksinimlerinizi tam olarak anlad\u0131\u011f\u0131m\u0131zdan emin olmak i\u00e7indir. Meslekta\u015flar\u0131m\u0131zdan biri, tam olarak ne arad\u0131\u011f\u0131n\u0131z\u0131 g\u00f6rmenizi sa\u011flayacakt\u0131r.<\/p>\n<p>Alternatif olarak, Alanya&#8217;daki ofisimizle ileti\u015fime ge\u00e7ebilirsiniz ve personelimiz Alanya, Oba, Tosmur, Kestel, Mahmutlar, Karg\u0131cak, Demirta\u015f, Tepe, Bekta\u015f ve daha fazlas\u0131nda sat\u0131l\u0131k emlaklar\u0131 g\u00f6rmenizi sa\u011flamaktan mutluluk duyacakt\u0131r.[\/vc_column_text][\/vc_column][\/vc_row]<\/p>\n<\/section>","protected":false},"excerpt":{"rendered":"<p>[vc_row content_placement=&#8221;middle&#8221;][vc_column width=&#8221;1\/3&#8243;][vc_single_image image=&#8221;24166&#8243; img_size=&#8221;full&#8221; onclick=&#8221;link_image&#8221;][\/vc_column][vc_column width=&#8221;2\/3&#8243;][vc_column_text]Gayrimenkul sat\u0131n almak, \u00f6zellikle yurtd\u0131\u015f\u0131nda m\u00fclk almaya karar verirseniz ciddi bir karard\u0131r. Tipik olarak al\u0131c\u0131n\u0131n s\u0131n\u0131rl\u0131 zaman\u0131 vard\u0131r ve geni\u015f bir gayrimenkul yelpazesi vard\u0131r. Elbette daireleri kataloglardan, bro\u015f\u00fcrlerden, foto\u011fraflardan ve video kliplerden \u00e7evrimi\u00e7i olarak g\u00f6r\u00fcnt\u00fclemenize yard\u0131mc\u0131 olacakt\u0131r. Modern teknoloji, y\u00fcksek kalitede g\u00f6rsel bilgi sunmam\u0131z\u0131 sa\u011flar, ancak bu her zaman [&hellip;]<\/p>\n","protected":false},"author":16,"featured_media":0,"parent":2199,"menu_order":0,"comment_status":"closed","ping_status":"closed","template":"page_right-sidebar-with-top-title.php","meta":[],"_links":{"self":[{"href":"https:\/\/alkedinvest.com\/tr\/wp-json\/wp\/v2\/pages\/24160"}],"collection":[{"href":"https:\/\/alkedinvest.com\/tr\/wp-json\/wp\/v2\/pages"}],"about":[{"href":"https:\/\/alkedinvest.com\/tr\/wp-json\/wp\/v2\/types\/page"}],"author":[{"embeddable":true,"href":"https:\/\/alkedinvest.com\/tr\/wp-json\/wp\/v2\/users\/16"}],"replies":[{"embeddable":true,"href":"https:\/\/alkedinvest.com\/tr\/wp-json\/wp\/v2\/comments?post=24160"}],"version-history":[{"count":4,"href":"https:\/\/alkedinvest.com\/tr\/wp-json\/wp\/v2\/pages\/24160\/revisions"}],"predecessor-version":[{"id":24204,"href":"https:\/\/alkedinvest.com\/tr\/wp-json\/wp\/v2\/pages\/24160\/revisions\/24204"}],"up":[{"embeddable":true,"href":"https:\/\/alkedinvest.com\/tr\/wp-json\/wp\/v2\/pages\/2199"}],"wp:attachment":[{"href":"https:\/\/alkedinvest.com\/tr\/wp-json\/wp\/v2\/media?parent=24160"}],"curies":[{"name":"wp","href":"https:\/\/api.w.org\/{rel}","templated":true}]}}