{"id":24087,"date":"2023-05-25T10:51:35","date_gmt":"2023-05-25T07:51:35","guid":{"rendered":"https:\/\/alkedinvest.com\/?page_id=24087"},"modified":"2023-05-30T17:16:44","modified_gmt":"2023-05-30T14:16:44","slug":"rent-a-car-service","status":"publish","type":"page","link":"https:\/\/alkedinvest.com\/tr\/services\/rent-a-car-service\/","title":{"rendered":"Ara\u00e7 Kiralama Hizmeti"},"content":{"rendered":"<section class=\"wpb-content-wrapper\"><p>[vc_row content_placement=&#8221;middle&#8221;][vc_column width=&#8221;1\/3&#8243;][vc_single_image image=&#8221;24312&#8243; img_size=&#8221;medium&#8221; onclick=&#8221;link_image&#8221;][\/vc_column][vc_column width=&#8221;2\/3&#8243;][vc_column_text]\u0130ster havaalan\u0131ndan al\u0131nmak, ister konaklaman\u0131z s\u0131ras\u0131nda araba kiralamak isteyin: size <strong>m\u00fckemmel araba kiralama hizmeti<\/strong> sunuyoruz.[\/vc_column_text][\/vc_column][\/vc_row][vc_row][vc_column][vc_column_text]Al-ked Invest, kendi araba filosuna sahip birka\u00e7 emlak \u015firketinden biridir. Rent-a-Car departman\u0131m\u0131z, kendi m\u00fc\u015fterilerimize keskin bir fiyata kiral\u0131k geni\u015f bir araba yelpazesine sahiptir. \u0130ster her g\u00fcn kullanmak i\u00e7in k\u00fc\u00e7\u00fck bir \u015fehir i\u00e7i arabaya, ister aileniz veya arkada\u015flar\u0131n\u0131z sizi ziyaret etti\u011finde konforlu bir minib\u00fcse ihtiyac\u0131n\u0131z olsun.<\/p>\n<p>Ara\u00e7 kiralama hizmetimizi kendi y\u00f6netimimizde tuttu\u011fumuz i\u00e7in size en iyi hizmeti ve en d\u00fc\u015f\u00fck fiyatlar\u0131 sunabiliyoruz.<\/p>\n<p>Uzun bir seyahat g\u00fcn\u00fcnden sonra havaalan\u0131nda kar\u015f\u0131lama hizmetine mi ihtiyac\u0131n\u0131z var? \u00d6zel havaliman\u0131 transferlerimizde konforlu bir s\u00fcr\u00fc\u015f ge\u00e7irmenizi sa\u011fl\u0131yoruz. Transfer \u015fof\u00f6rlerimiz sizi Gazipa\u015fa veya Antalya&#8217;daki hava alan\u0131ndan al\u0131r ve ikinci evinize sa\u011f salim ula\u015ft\u0131r\u0131r. Bir restoranda mola vermek mi yoksa do\u011frudan gidece\u011finiz yere gitmek mi istersiniz? Al-ked Invest&#8217;in kendi <a href=\"\/tr\/services\/airport-transfer\/\">havaliman\u0131 transfer hizmeti<\/a> ile her \u015fey size kalm\u0131\u015f.<\/p>\n<p>Alanya&#8217;daki ara\u00e7lar\u0131m\u0131z hakk\u0131nda daha fazla bilgi almak i\u00e7in l\u00fctfen <a href=\"\/tr\/contact\/\">ileti\u015fim formumuzu doldurun<\/a> veya ofisimizle ileti\u015fime ge\u00e7in.[\/vc_column_text][\/vc_column][\/vc_row]<\/p>\n<\/section>","protected":false},"excerpt":{"rendered":"<p>[vc_row content_placement=&#8221;middle&#8221;][vc_column width=&#8221;1\/3&#8243;][vc_single_image image=&#8221;24312&#8243; img_size=&#8221;medium&#8221; onclick=&#8221;link_image&#8221;][\/vc_column][vc_column width=&#8221;2\/3&#8243;][vc_column_text]\u0130ster havaalan\u0131ndan al\u0131nmak, ister konaklaman\u0131z s\u0131ras\u0131nda araba kiralamak isteyin: size m\u00fckemmel araba kiralama hizmeti sunuyoruz.[\/vc_column_text][\/vc_column][\/vc_row][vc_row][vc_column][vc_column_text]Al-ked Invest, kendi araba filosuna sahip birka\u00e7 emlak \u015firketinden biridir. Rent-a-Car departman\u0131m\u0131z, kendi m\u00fc\u015fterilerimize keskin bir fiyata kiral\u0131k geni\u015f bir araba yelpazesine sahiptir. \u0130ster her g\u00fcn kullanmak i\u00e7in k\u00fc\u00e7\u00fck bir \u015fehir i\u00e7i arabaya, ister aileniz [&hellip;]<\/p>\n","protected":false},"author":16,"featured_media":24095,"parent":2199,"menu_order":0,"comment_status":"closed","ping_status":"closed","template":"page_right-sidebar-with-top-title.php","meta":[],"_links":{"self":[{"href":"https:\/\/alkedinvest.com\/tr\/wp-json\/wp\/v2\/pages\/24087"}],"collection":[{"href":"https:\/\/alkedinvest.com\/tr\/wp-json\/wp\/v2\/pages"}],"about":[{"href":"https:\/\/alkedinvest.com\/tr\/wp-json\/wp\/v2\/types\/page"}],"author":[{"embeddable":true,"href":"https:\/\/alkedinvest.com\/tr\/wp-json\/wp\/v2\/users\/16"}],"replies":[{"embeddable":true,"href":"https:\/\/alkedinvest.com\/tr\/wp-json\/wp\/v2\/comments?post=24087"}],"version-history":[{"count":4,"href":"https:\/\/alkedinvest.com\/tr\/wp-json\/wp\/v2\/pages\/24087\/revisions"}],"predecessor-version":[{"id":24313,"href":"https:\/\/alkedinvest.com\/tr\/wp-json\/wp\/v2\/pages\/24087\/revisions\/24313"}],"up":[{"embeddable":true,"href":"https:\/\/alkedinvest.com\/tr\/wp-json\/wp\/v2\/pages\/2199"}],"wp:featuredmedia":[{"embeddable":true,"href":"https:\/\/alkedinvest.com\/tr\/wp-json\/wp\/v2\/media\/24095"}],"wp:attachment":[{"href":"https:\/\/alkedinvest.com\/tr\/wp-json\/wp\/v2\/media?parent=24087"}],"curies":[{"name":"wp","href":"https:\/\/api.w.org\/{rel}","templated":true}]}}