{"id":24085,"date":"2023-05-25T10:50:29","date_gmt":"2023-05-25T07:50:29","guid":{"rendered":"https:\/\/alkedinvest.com\/?page_id=24085"},"modified":"2023-05-26T12:33:46","modified_gmt":"2023-05-26T09:33:46","slug":"airport-transfer","status":"publish","type":"page","link":"https:\/\/alkedinvest.com\/tr\/services\/airport-transfer\/","title":{"rendered":"Havaliman\u0131 Transferi"},"content":{"rendered":"<section class=\"wpb-content-wrapper\"><p>[vc_row content_placement=&#8221;middle&#8221;][vc_column width=&#8221;1\/3&#8243;][vc_single_image image=&#8221;24093&#8243; img_size=&#8221;medium&#8221; onclick=&#8221;link_image&#8221;][\/vc_column][vc_column width=&#8221;2\/3&#8243;][vc_column_text]Alanya, Side, Belek veya Antalya gibi diledi\u011finiz b\u00f6lgeye ula\u015fmak i\u00e7in Antalya Havaliman\u0131 (AYT) veya Alanya-Gazipa\u015fa Havaliman\u0131 (GZP) u\u00e7abilirsiniz. Al-ked Invest, sizi ve t\u00fcm konuklar\u0131 havaalan\u0131na vard\u0131klar\u0131nda gece veya g\u00fcnd\u00fcz herhangi bir zamanda se\u00e7ti\u011finiz var\u0131\u015f noktas\u0131na g\u00fcvenli bir \u015fekilde g\u00f6t\u00fcrmek i\u00e7in transferler ayarlayabilir.[\/vc_column_text][\/vc_column][\/vc_row][vc_row][vc_column][vc_column_text]T\u00fcm kamu transferleri i\u00e7in kay\u0131tl\u0131 lisansl\u0131 bir nakliye \u015firketi kullan\u0131yoruz. Yapman\u0131z gereken tek \u015fey, geli\u015f veya gidi\u015finizden birka\u00e7 g\u00fcn \u00f6nce bize haber vermek ve u\u00e7u\u015f bilgilerinizi bize iletmek.<\/p>\n<p>Transfer rezervasyonu yaparken l\u00fctfen bize a\u015fa\u011f\u0131daki bilgileri sa\u011flay\u0131n:<\/p>\n<ul>\n<li>\u0130rtibat ki\u015fisi (Yolcudan birinin ad\u0131)<\/li>\n<li>Yolcu say\u0131s\u0131 (Araba koltu\u011fu ayarlayabilmemiz i\u00e7in l\u00fctfen k\u00fc\u00e7\u00fck \u00e7ocuklar\u0131n size e\u015flik edip etmedi\u011fini belirtin)<\/li>\n<li>Gerekti\u011finde ula\u015fabilece\u011fimiz cep telefonu numaras\u0131<\/li>\n<li>U\u00e7u\u015f numaralar\u0131<\/li>\n<li>Var\u0131\u015f\/Gidi\u015f tarihi<\/li>\n<li>Var\u0131\u015f\/Kalk\u0131\u015f saati<\/li>\n<\/ul>\n<p>Al-ked Invest taraf\u0131ndan sa\u011flanan transferler \u00f6zel transferlerdir (servis de\u011fil) ve sizi T\u00fcrkiye&#8217;deki m\u00fclk\u00fcn\u00fcze g\u00f6t\u00fcrmek i\u00e7in tamamen sigortal\u0131 modern arabalar\/minib\u00fcsler kullanan sertifikal\u0131 bir transfer \u015firketi taraf\u0131ndan ger\u00e7ekle\u015ftirilir.[\/vc_column_text][\/vc_column][\/vc_row]<\/p>\n<\/section>","protected":false},"excerpt":{"rendered":"<p>[vc_row content_placement=&#8221;middle&#8221;][vc_column width=&#8221;1\/3&#8243;][vc_single_image image=&#8221;24093&#8243; img_size=&#8221;medium&#8221; onclick=&#8221;link_image&#8221;][\/vc_column][vc_column width=&#8221;2\/3&#8243;][vc_column_text]Alanya, Side, Belek veya Antalya gibi diledi\u011finiz b\u00f6lgeye ula\u015fmak i\u00e7in Antalya Havaliman\u0131 (AYT) veya Alanya-Gazipa\u015fa Havaliman\u0131 (GZP) u\u00e7abilirsiniz. Al-ked Invest, sizi ve t\u00fcm konuklar\u0131 havaalan\u0131na vard\u0131klar\u0131nda gece veya g\u00fcnd\u00fcz herhangi bir zamanda se\u00e7ti\u011finiz var\u0131\u015f noktas\u0131na g\u00fcvenli bir \u015fekilde g\u00f6t\u00fcrmek i\u00e7in transferler ayarlayabilir.[\/vc_column_text][\/vc_column][\/vc_row][vc_row][vc_column][vc_column_text]T\u00fcm kamu transferleri i\u00e7in kay\u0131tl\u0131 lisansl\u0131 bir nakliye [&hellip;]<\/p>\n","protected":false},"author":16,"featured_media":0,"parent":2199,"menu_order":0,"comment_status":"closed","ping_status":"closed","template":"page_right-sidebar-with-top-title.php","meta":[],"_links":{"self":[{"href":"https:\/\/alkedinvest.com\/tr\/wp-json\/wp\/v2\/pages\/24085"}],"collection":[{"href":"https:\/\/alkedinvest.com\/tr\/wp-json\/wp\/v2\/pages"}],"about":[{"href":"https:\/\/alkedinvest.com\/tr\/wp-json\/wp\/v2\/types\/page"}],"author":[{"embeddable":true,"href":"https:\/\/alkedinvest.com\/tr\/wp-json\/wp\/v2\/users\/16"}],"replies":[{"embeddable":true,"href":"https:\/\/alkedinvest.com\/tr\/wp-json\/wp\/v2\/comments?post=24085"}],"version-history":[{"count":4,"href":"https:\/\/alkedinvest.com\/tr\/wp-json\/wp\/v2\/pages\/24085\/revisions"}],"predecessor-version":[{"id":24202,"href":"https:\/\/alkedinvest.com\/tr\/wp-json\/wp\/v2\/pages\/24085\/revisions\/24202"}],"up":[{"embeddable":true,"href":"https:\/\/alkedinvest.com\/tr\/wp-json\/wp\/v2\/pages\/2199"}],"wp:attachment":[{"href":"https:\/\/alkedinvest.com\/tr\/wp-json\/wp\/v2\/media?parent=24085"}],"curies":[{"name":"wp","href":"https:\/\/api.w.org\/{rel}","templated":true}]}}