{"id":1719,"date":"2017-05-05T15:22:08","date_gmt":"2017-05-05T15:22:08","guid":{"rendered":"http:\/\/export-1.test-tangibledesign.net\/?page_id=1719"},"modified":"2023-12-01T16:17:19","modified_gmt":"2023-12-01T13:17:19","slug":"about-us","status":"publish","type":"page","link":"https:\/\/alkedinvest.com\/tr\/about-us\/","title":{"rendered":"Hakk\u0131m\u0131zda"},"content":{"rendered":"<section class=\"wpb-content-wrapper\"><p>[vc_row][vc_column css=&#8221;.vc_custom_1512407858131{padding-top: 12px !important;padding-bottom: 24px !important;}&#8221;]<div class=\"mh-heading-wrapper--left \">\r\n\t\r\n        <div class=\"mh-heading-wrapper\">\r\n            <h3            class=\"mh-heading  mh-heading--bottom-separator    vc_custom_1608988384325\"\r\n            style=\"font-weight:700;\">\r\n\t\t\tHAkKIMIZDA        <\/h3>\r\n\r\n\t\t    <\/div>\r\n\r\n\t<\/div>[\/vc_column][\/vc_row][vc_row][vc_column width=&#8221;2\/3&#8243; css=&#8221;.vc_custom_1512407858131{padding-top: 12px !important;padding-bottom: 24px !important;}&#8221;][vc_column_text]<strong>Al-Ked Invest <\/strong>( Al-Ked Gayrimenkul)<\/p>\n<p>\u015eirket kurulu\u015fumuz ( 2009 )<\/p>\n<p>T\u00fcrkiye Alanya Ticaret Odas\u0131&#8217;na ba\u011fl\u0131 resmi lisansl\u0131 bir emlak acentesiyiz.<\/p>\n<p>Al-Ked Invest Gayrimenkul,<\/p>\n<p>T\u00fcrkiye ve Avrupa m\u00fc\u015fterilerine \u00e7ok \u00e7e\u015fitli yeni ve ikinci el konut se\u00e7enekleri sunmaktad\u0131r.<\/p>\n<p>\u015eirket taban\u0131m\u0131z, prim yat\u0131r\u0131mlar\u0131 ve tamamlanm\u0131\u015f projeler, l\u00fcks villalar, l\u00fcks- orta- ekonomik daireler, arsa, tarla, \u015fehir evleri, ticari m\u00fclkler ve in\u015faat ruhsatlar\u0131 i\u00e7ermektedir.<\/p>\n<p>T\u00fcm T\u00fcrk bankalar\u0131ndan\u00a0 kredi alma se\u00e7enekleri ile \u00f6deme imkan\u0131 sunmaktay\u0131z.<\/p>\n<p>Al-Ked Invest olarak t\u00fcm m\u00fc\u015fterilerimize i\u015flem g\u00fcvenlili\u011fini garanti ediyoruz.<\/p>\n<p>Konunun tam yasal uzmanl\u0131\u011f\u0131, i\u015flemin yasal \u015feffafl\u0131\u011f\u0131, t\u00fcm b\u00fcy\u00fck bankalarla i\u015fbirli\u011fi ve g\u00fcvenilir hizmet anlay\u0131\u015f\u0131, sunuyoruz.<\/p>\n<p>Deneyimli ve lisansl\u0131 profesyonellerden olu\u015fan Uzman ekip arkada\u015flar\u0131m\u0131z ile hizmet vermekteyiz<\/p>\n<p>Firmam\u0131z ayr\u0131ca sat\u0131\u015f sonras\u0131 7\/24 hizmetler sunmaktad\u0131r.<\/p>\n<p>Teknik belgelerin haz\u0131rlanmas\u0131, konut edinme konusunda yard\u0131m, sigorta, mobilya, beyaz e\u015fya, dairenizin garantili kiralanmas\u0131 ve sat\u0131lmas\u0131 yeminli terc\u00fcman hizmetleri ve daha fazlas\u0131&#8230;<\/p>\n<p>Kalite tesad\u00fcf de\u011fildir,<\/p>\n<p>Kaliteyi Al-Ked Yat\u0131r\u0131m fark\u0131 ile hissedin.<\/p>\n<p>T\u0130CARET\u00a0 HAYATIMIZ;<\/p>\n<p>Faaliyetlerimiz 2009 y\u0131l\u0131nda kiralama ( Rent a Car ) olarak ba\u015flay\u0131p daha sonra b\u00fcy\u00fcmek i\u00e7in g\u00fc\u00e7l\u00fc bir yat\u0131r\u0131mla galeri sekt\u00f6r\u00fcnde de hizmet vermeye ba\u015flad\u0131k<\/p>\n<p>K\u0130RALAMA (www.kaancarrental.com) GALER\u0130( www.kaancarmotors.com )<\/p>\n<p>\u00c7al\u0131\u015fma hayat\u0131m\u0131zdaki ba\u015far\u0131lar\u0131m\u0131za bir yenisini daha katmak i\u00e7in firmam\u0131za\u00a0 EMLAK\u00a0 faaliyeti eklemeye karar verdik.<\/p>\n<p>2020 y\u0131l\u0131nda Al-Ked Gayrimenkul emlak firmas\u0131n\u0131 kurarak\u00a0 Antalya&#8217;n\u0131n kalbi turizm cenneti olan Alanya&#8217;n\u0131n merkezindeki ofislerimizde faaliyetlerimiz devam etmektedir. Firmam\u0131za ait 3 adet ofisimizle siz de\u011ferli m\u00fc\u015fterilerimize hizmet vermeye devam ediyoruz.<\/p>\n<p><strong>Kamil \u00c7EL\u0130K<\/strong><br \/>\nGeneral Manager (Owner)[\/vc_column_text][\/vc_column][vc_column width=&#8221;1\/3&#8243;][vc_single_image image=&#8221;27375&#8243; img_size=&#8221;full&#8221; alignment=&#8221;right&#8221; onclick=&#8221;link_image&#8221;][vc_single_image image=&#8221;27376&#8243; img_size=&#8221;full&#8221; alignment=&#8221;right&#8221; onclick=&#8221;link_image&#8221;][\/vc_column][\/vc_row][vc_row][vc_column]<div class=\" \">\r\n\t\r\n        <div class=\"mh-heading-wrapper\">\r\n            <h2            class=\"mh-heading  mh-heading--bottom-separator   \"\r\n            style=\"font-weight:700;\">\r\n\t\t\tM\u00fc\u015fterilerimiz ne d\u00fc\u015f\u00fcn\u00fcyor        <\/h2>\r\n\r\n\t\t    <\/div>\r\n\r\n\t<\/div>\t<div class=\"owl-carousel owl-carousel--visible-1  mh-testimonials--dark mh-testimonials--standard\">\r\n\t\t\t\t\t<div class=\"item\">\r\n\t\t\t\t<article class=\"mh-testimonial\">\r\n\t\t\t\t\t<div class=\"mh-testimonial__inner\">\r\n\t\t\t\t\t\t<blockquote class=\"mh-testimonial__text\">\r\n\t\t\t\t\t\t\t<p>Akdeniz k\u0131y\u0131s\u0131nda konut arayan herkese iyi g\u00fcnler. T\u00fcm emlak ofisi <strong>Al-ked Invest<\/strong><strong>&#8216;a<\/strong> \u015f\u00fckranlar\u0131m\u0131 sunmak istiyorum. 2021 y\u0131l\u0131n\u0131n ortalar\u0131nda Avsallar b\u00f6lgesinde ailem i\u00e7in bir daire ald\u0131m, i\u015flem h\u0131zl\u0131 ve ba\u015far\u0131l\u0131 bir \u015fekilde ger\u00e7ekle\u015fti, \u015firket sat\u0131n alma s\u0131ras\u0131nda ve sonras\u0131nda bir\u00e7ok zorlukta yard\u0131mc\u0131 oldu.<\/p>\n\t\t\t\t\t\t<\/blockquote>\r\n\t\t\t\t\t\t<div class=\"mh-testimonial__photo\">\r\n\t\t\t\t\t\t\t\t\t\t\t\t\t<\/div>\r\n\r\n\t\t\t\t\t\t\t\t\t\t\t\t\t<div class=\"mh-testimonial__author-info\">\r\n\t\t\t\t\t\t\t\t\t\t\t\t\t\t\t\t\t<h3 class=\"mh-testimonial__author\">\r\n\t\t\t\t\t\t\t\t\t\tAlexandr Melnikov\t\t\t\t\t\t\t\t\t<\/h3>\r\n\t\t\t\t\t\t\t\t\r\n\t\t\t\t\t\t\t\t\t\t\t\t\t\t\t\t\t<div class=\"mh-testimonial__occupation\">\r\n\t\t\t\t\t\t\t\t\t\tRussia\t\t\t\t\t\t\t\t\t<\/div>\r\n\t\t\t\t\t\t\t\t\t\t\t\t\t\t\t<\/div>\r\n\t\t\t\t\t\t\t\t\t\t\t<\/div>\r\n\t\t\t\t<\/article>\r\n\t\t\t<\/div>\r\n\t\t\t\t\t<div class=\"item\">\r\n\t\t\t\t<article class=\"mh-testimonial\">\r\n\t\t\t\t\t<div class=\"mh-testimonial__inner\">\r\n\t\t\t\t\t\t<blockquote class=\"mh-testimonial__text\">\r\n\t\t\t\t\t\t\t<p>S\u0131cak kar\u015f\u0131laman\u0131z i\u00e7in t\u00fcm ekibinize te\u015fekk\u00fcr etmek isteriz! Sonunda s\u0131cak ve g\u00fczel Alanya&#8217;da ev sat\u0131n ald\u0131k ve \u00e7ocuklar\u0131m\u0131z\u0131 ve torunlar\u0131m\u0131z\u0131 y\u0131l\u0131n herhangi bir zaman\u0131nda yan\u0131m\u0131zda getirebiliriz, te\u015fekk\u00fcrler <strong>Al-ked Invest<\/strong><\/p>\n\t\t\t\t\t\t<\/blockquote>\r\n\t\t\t\t\t\t<div class=\"mh-testimonial__photo\">\r\n\t\t\t\t\t\t\t\t\t\t\t\t\t<\/div>\r\n\r\n\t\t\t\t\t\t\t\t\t\t\t\t\t<div class=\"mh-testimonial__author-info\">\r\n\t\t\t\t\t\t\t\t\t\t\t\t\t\t\t\t\t<h3 class=\"mh-testimonial__author\">\r\n\t\t\t\t\t\t\t\t\t\tDaniella Nelson\t\t\t\t\t\t\t\t\t<\/h3>\r\n\t\t\t\t\t\t\t\t\r\n\t\t\t\t\t\t\t\t\t\t\t\t\t\t\t\t\t<div class=\"mh-testimonial__occupation\">\r\n\t\t\t\t\t\t\t\t\t\tNorve\u00e7\t\t\t\t\t\t\t\t\t<\/div>\r\n\t\t\t\t\t\t\t\t\t\t\t\t\t\t\t<\/div>\r\n\t\t\t\t\t\t\t\t\t\t\t<\/div>\r\n\t\t\t\t<\/article>\r\n\t\t\t<\/div>\r\n\t\t\t\t\t<div class=\"item\">\r\n\t\t\t\t<article class=\"mh-testimonial\">\r\n\t\t\t\t\t<div class=\"mh-testimonial__inner\">\r\n\t\t\t\t\t\t<blockquote class=\"mh-testimonial__text\">\r\n\t\t\t\t\t\t\t<p>2020 yaz\u0131nda Mahmutlar&#8217;da bir ev sat\u0131n ald\u0131k ve fazlas\u0131yla memnun kald\u0131k. <strong>Al-ked Invest<\/strong> ekibi, ilk ziyaretten sat\u0131n alma a\u015famas\u0131na kadar bize her \u015fey dahil bir paket sundu. Ayr\u0131ca <strong>Al-ked Invest<\/strong>\u00a0bize her zaman s\u00f6z ve fiilen destek olmu\u015ftur. \u00c7\u00f6z\u00fclemeyecek hi\u00e7bir sorun ya da durum yoktu!<\/p>\n\t\t\t\t\t\t<\/blockquote>\r\n\t\t\t\t\t\t<div class=\"mh-testimonial__photo\">\r\n\t\t\t\t\t\t\t\t\t\t\t\t\t<\/div>\r\n\r\n\t\t\t\t\t\t\t\t\t\t\t\t\t<div class=\"mh-testimonial__author-info\">\r\n\t\t\t\t\t\t\t\t\t\t\t\t\t\t\t\t\t<h3 class=\"mh-testimonial__author\">\r\n\t\t\t\t\t\t\t\t\t\tLarisa Morozova\t\t\t\t\t\t\t\t\t<\/h3>\r\n\t\t\t\t\t\t\t\t\r\n\t\t\t\t\t\t\t\t\t\t\t\t\t\t\t\t\t<div class=\"mh-testimonial__occupation\">\r\n\t\t\t\t\t\t\t\t\t\tUkraine\t\t\t\t\t\t\t\t\t<\/div>\r\n\t\t\t\t\t\t\t\t\t\t\t\t\t\t\t<\/div>\r\n\t\t\t\t\t\t\t\t\t\t\t<\/div>\r\n\t\t\t\t<\/article>\r\n\t\t\t<\/div>\r\n\t\t\t<\/div>\r\n[\/vc_column][\/vc_row][vc_row full_width=&#8221;stretch_row&#8221; css=&#8221;.vc_custom_1608987457755{background-color: #f4f4f4 !important;}&#8221;][vc_column css=&#8221;.vc_custom_1494333727302{padding-top: 39px !important;padding-bottom: 24px !important;}&#8221;]<div class=\" \">\r\n\t\r\n        <div class=\"mh-heading-wrapper\">\r\n            <h4            class=\"mh-heading  mh-heading--bottom-separator    vc_custom_1608988631472\"\r\n            style=\"font-weight:700;\">\r\n\t\t\t\u0130\u015f Ortaklar\u0131m\u0131z        <\/h4>\r\n\r\n\t\t    <\/div>\r\n\r\n\t<\/div>\t<div class=\"owl-carousel mh-clients owl-carousel--visible-5  \">\r\n\t\t\t\t\t<div class=\"item\">\r\n\t\t\t\t<div class=\"mh-client\">\r\n\t\t\t\t\t\t\t\t\t\t<a href=\"https:\/\/www.allianz.com.tr\/\" title=\"Allianz\"\r\n\t\t\t\t\t   target=\"_blank\">\r\n\t\t\t\t\t\t<img width=\"324\" height=\"56\" src=\"https:\/\/alkedinvest.com\/wp-content\/uploads\/2022\/12\/logo-allianz.png\" class=\"attachment-full size-full wp-post-image\" alt=\"\" decoding=\"async\" loading=\"lazy\" srcset=\"https:\/\/alkedinvest.com\/wp-content\/uploads\/2022\/12\/logo-allianz.png 324w, https:\/\/alkedinvest.com\/wp-content\/uploads\/2022\/12\/logo-allianz-300x52.png 300w\" sizes=\"(max-width: 324px) 100vw, 324px\" \/>\t\t\t\t\t<\/a>\r\n\t\t\t\t\t\t\t\t<\/div>\r\n\t\t\t<\/div>\r\n\t\t\t\t\t<div class=\"item\">\r\n\t\t\t\t<div class=\"mh-client\">\r\n\t\t\t\t\t\t\t\t\t\t<a href=\"http:\/\/www.leartes.net\" title=\"Leartes.NET\"\r\n\t\t\t\t\t   target=\"_blank\">\r\n\t\t\t\t\t\t<img width=\"324\" height=\"56\" src=\"https:\/\/alkedinvest.com\/wp-content\/uploads\/2017\/02\/logo-leartes_net.png\" class=\"attachment-full size-full wp-post-image\" alt=\"\" decoding=\"async\" loading=\"lazy\" srcset=\"https:\/\/alkedinvest.com\/wp-content\/uploads\/2017\/02\/logo-leartes_net.png 324w, https:\/\/alkedinvest.com\/wp-content\/uploads\/2017\/02\/logo-leartes_net-300x52.png 300w\" sizes=\"(max-width: 324px) 100vw, 324px\" \/>\t\t\t\t\t<\/a>\r\n\t\t\t\t\t\t\t\t<\/div>\r\n\t\t\t<\/div>\r\n\t\t\t\t\t<div class=\"item\">\r\n\t\t\t\t<div class=\"mh-client\">\r\n\t\t\t\t\t\t\t\t\t\t<a href=\"https:\/\/www.enzahome.com.tr\/\" title=\"Enza Home\"\r\n\t\t\t\t\t   target=\"_blank\">\r\n\t\t\t\t\t\t<img width=\"324\" height=\"56\" src=\"https:\/\/alkedinvest.com\/wp-content\/uploads\/2017\/02\/enza-logo.png\" class=\"attachment-full size-full wp-post-image\" alt=\"\" decoding=\"async\" loading=\"lazy\" srcset=\"https:\/\/alkedinvest.com\/wp-content\/uploads\/2017\/02\/enza-logo.png 324w, https:\/\/alkedinvest.com\/wp-content\/uploads\/2017\/02\/enza-logo-300x52.png 300w\" sizes=\"(max-width: 324px) 100vw, 324px\" \/>\t\t\t\t\t<\/a>\r\n\t\t\t\t\t\t\t\t<\/div>\r\n\t\t\t<\/div>\r\n\t\t\t\t\t<div class=\"item\">\r\n\t\t\t\t<div class=\"mh-client\">\r\n\t\t\t\t\t\t\t\t\t\t<a href=\"https:\/\/www.kamburoglu.com.tr\/\" title=\"Kamburoglu\"\r\n\t\t\t\t\t   target=\"_blank\">\r\n\t\t\t\t\t\t<img width=\"324\" height=\"56\" src=\"https:\/\/alkedinvest.com\/wp-content\/uploads\/2017\/02\/kamburoglu.png\" class=\"attachment-full size-full wp-post-image\" alt=\"\" decoding=\"async\" loading=\"lazy\" srcset=\"https:\/\/alkedinvest.com\/wp-content\/uploads\/2017\/02\/kamburoglu.png 324w, https:\/\/alkedinvest.com\/wp-content\/uploads\/2017\/02\/kamburoglu-300x52.png 300w\" sizes=\"(max-width: 324px) 100vw, 324px\" \/>\t\t\t\t\t<\/a>\r\n\t\t\t\t\t\t\t\t<\/div>\r\n\t\t\t<\/div>\r\n\t\t\t\t\t<div class=\"item\">\r\n\t\t\t\t<div class=\"mh-client\">\r\n\t\t\t\t\t\t\t\t\t\t<a href=\"http:\/\/www.mixxtravel.com\/\" title=\"Mixx Travel\"\r\n\t\t\t\t\t   target=\"_blank\">\r\n\t\t\t\t\t\t<img width=\"324\" height=\"56\" src=\"https:\/\/alkedinvest.com\/wp-content\/uploads\/2017\/02\/mixx-travel.png\" class=\"attachment-full size-full wp-post-image\" alt=\"\" decoding=\"async\" loading=\"lazy\" srcset=\"https:\/\/alkedinvest.com\/wp-content\/uploads\/2017\/02\/mixx-travel.png 324w, https:\/\/alkedinvest.com\/wp-content\/uploads\/2017\/02\/mixx-travel-300x52.png 300w\" sizes=\"(max-width: 324px) 100vw, 324px\" \/>\t\t\t\t\t<\/a>\r\n\t\t\t\t\t\t\t\t<\/div>\r\n\t\t\t<\/div>\r\n\t\t\t<\/div>\r\n[\/vc_column][\/vc_row]<\/p>\n<\/section>","protected":false},"excerpt":{"rendered":"<p>[vc_row][vc_column css=&#8221;.vc_custom_1512407858131{padding-top: 12px !important;padding-bottom: 24px !important;}&#8221;][\/vc_column][\/vc_row][vc_row][vc_column width=&#8221;2\/3&#8243; css=&#8221;.vc_custom_1512407858131{padding-top: 12px !important;padding-bottom: 24px !important;}&#8221;][vc_column_text]Al-Ked Invest ( Al-Ked Gayrimenkul) \u015eirket kurulu\u015fumuz ( 2009 ) T\u00fcrkiye Alanya Ticaret Odas\u0131&#8217;na ba\u011fl\u0131 resmi lisansl\u0131 bir emlak acentesiyiz. Al-Ked Invest Gayrimenkul, T\u00fcrkiye ve Avrupa m\u00fc\u015fterilerine \u00e7ok \u00e7e\u015fitli yeni ve ikinci el konut se\u00e7enekleri sunmaktad\u0131r. \u015eirket taban\u0131m\u0131z, prim yat\u0131r\u0131mlar\u0131 ve tamamlanm\u0131\u015f projeler, l\u00fcks [&hellip;]<\/p>\n","protected":false},"author":29,"featured_media":0,"parent":0,"menu_order":0,"comment_status":"closed","ping_status":"closed","template":"page_full-width-with-top-title.php","meta":[],"_links":{"self":[{"href":"https:\/\/alkedinvest.com\/tr\/wp-json\/wp\/v2\/pages\/1719"}],"collection":[{"href":"https:\/\/alkedinvest.com\/tr\/wp-json\/wp\/v2\/pages"}],"about":[{"href":"https:\/\/alkedinvest.com\/tr\/wp-json\/wp\/v2\/types\/page"}],"author":[{"embeddable":true,"href":"https:\/\/alkedinvest.com\/tr\/wp-json\/wp\/v2\/users\/29"}],"replies":[{"embeddable":true,"href":"https:\/\/alkedinvest.com\/tr\/wp-json\/wp\/v2\/comments?post=1719"}],"version-history":[{"count":4,"href":"https:\/\/alkedinvest.com\/tr\/wp-json\/wp\/v2\/pages\/1719\/revisions"}],"predecessor-version":[{"id":27377,"href":"https:\/\/alkedinvest.com\/tr\/wp-json\/wp\/v2\/pages\/1719\/revisions\/27377"}],"wp:attachment":[{"href":"https:\/\/alkedinvest.com\/tr\/wp-json\/wp\/v2\/media?parent=1719"}],"curies":[{"name":"wp","href":"https:\/\/api.w.org\/{rel}","templated":true}]}}