{"id":1674,"date":"2017-05-05T10:50:45","date_gmt":"2017-05-05T10:50:45","guid":{"rendered":"http:\/\/export-1.test-tangibledesign.net\/?page_id=1674"},"modified":"2023-12-25T16:22:16","modified_gmt":"2023-12-25T13:22:16","slug":"contact","status":"publish","type":"page","link":"https:\/\/alkedinvest.com\/fa\/contact\/","title":{"rendered":"\u062a\u0645\u0627\u0633"},"content":{"rendered":"<section class=\"wpb-content-wrapper\"><p>[vc_row full_width=&#8221;stretch_row_content_no_spaces&#8221;][vc_column][vc_gmaps link=&#8221;#E-8_JTNDaWZyYW1lJTIwc3JjJTNEJTIyaHR0cHMlM0ElMkYlMkZ3d3cuZ29vZ2xlLmNvbSUyRm1hcHMlMkZlbWJlZCUzRnBiJTNEJTIxMW0xOCUyMTFtMTIlMjExbTMlMjExZDMyMDUuMTE5MDIyODkzNjgxJTIxMmQzMi4wMDg4NzQlMjEzZDM2LjU1MTI0MyUyMTJtMyUyMTFmMCUyMTJmMCUyMTNmMCUyMTNtMiUyMTFpMTAyNCUyMTJpNzY4JTIxNGYxMy4xJTIxM20zJTIxMW0yJTIxMXMweDE0ZGM5OTllYWVkZTkyZmYlMjUzQTB4ZTVkNmRkZWE3YmQwZGI1OCUyMTJzQUwtS0VEJTI1MjBHQVlSJTI1QzQlMjVCME1FTktVTCUyMTVlMCUyMTNtMiUyMTFzZW4lMjEyc3RyJTIxNHYxNjg1MDAzMDUxMjQzJTIxNW0yJTIxMXNlbiUyMTJzdHIlMjIlMjB3aWR0aCUzRCUyMjYwMCUyMiUyMGhlaWdodCUzRCUyMjM1MCUyMiUyMHN0eWxlJTNEJTIyYm9yZGVyJTNBMCUzQiUyMiUyMGFsbG93ZnVsbHNjcmVlbiUzRCUyMiUyMiUyMGxvYWRpbmclM0QlMjJsYXp5JTIyJTIwcmVmZXJyZXJwb2xpY3klM0QlMjJuby1yZWZlcnJlci13aGVuLWRvd25ncmFkZSUyMiUzRSUzQyUyRmlmcmFtZSUzRQ==&#8221; css=&#8221;.vc_custom_1685003108985{margin-top: 0px !important;margin-right: 0px !important;margin-bottom: 0px !important;margin-left: 0px !important;border-top-width: 0px !important;border-right-width: 0px !important;border-bottom-width: 0px !important;border-left-width: 0px !important;padding-top: 0px !important;padding-right: 0px !important;padding-bottom: 0px !important;padding-left: 0px !important;}&#8221;][\/vc_column][\/vc_row][vc_row full_width=&#8221;stretch_row&#8221; css=&#8221;.vc_custom_1579341302886{border-top-width: 3px !important;border-top-color: #dd9933 !important;border-top-style: solid !important;}&#8221;][vc_column]<div class=\"mh-heading-wrapper--left \">\r\n\t\r\n        <div class=\"mh-heading-wrapper\">\r\n            <h2            class=\"mh-heading  mh-heading--bottom-separator   \"\r\n            style=\"font-weight:700;\">\r\n\t\t\t\u0628\u0627 \u0645\u0627 \u062a\u0645\u0627\u0633 \u0628\u06af\u06cc\u0631\u06cc\u062f        <\/h2>\r\n\r\n\t\t    <\/div>\r\n\r\n\t<\/div>[vc_column_text]\u0628\u0631\u0627\u06cc \u062a\u0645\u0627\u0633 \u0628\u0627 \u0645\u0627 \u0627\u0632 \u0627\u0637\u0644\u0627\u0639\u0627\u062a \u0632\u06cc\u0631 \u0627\u0633\u062a\u0641\u0627\u062f\u0647 \u06a9\u0646\u06cc\u062f \u06cc\u0627 \u0628\u0627 \u0627\u0633\u062a\u0641\u0627\u062f\u0647 \u0627\u0632 \u0641\u0631\u0645 \u062a\u0645\u0627\u0633 \u067e\u06cc\u0627\u0645 \u0628\u06af\u0630\u0627\u0631\u06cc\u062f.[\/vc_column_text][\/vc_column][\/vc_row][vc_row full_width=&#8221;stretch_row&#8221; equal_height=&#8221;yes&#8221; css=&#8221;.vc_custom_1579341147743{margin-bottom: 48px !important;}&#8221;][vc_column width=&#8221;5\/12&#8243; css=&#8221;.vc_custom_1579345310746{padding-right: 24px !important;}&#8221; el_class=&#8221;wpcf7-container&#8221;][vc_column_text]<strong>AL-KED INVEST &#8211; GAYR\u0130MENKUL<\/strong><\/p>\n<p>K\u00fc\u00e7\u00fckhasbah\u00e7e,Keykubat Blv.<\/p>\n<p>Can plaza i\u015f Merkezi No: 115<\/p>\n<p>07400 Alanya\/Antalya<\/p>\n<ul class=\"fa-ul direction-ltr\">\n<li><i class=\"fa-li fa fa-phone-square\"><\/i><a href=\"tel:+902425191926\">+90 242 519 19 26<\/a><\/li>\n<li><i class=\"fa-li fa fa-whatsapp\"><\/i><a href=\"https:\/\/wa.me\/905326548398\" target=\"_blank\" rel=\"noopener\">+90 532 654 83 98<\/a><\/li>\n<li><i class=\"fa-li fa fa-envelope\"><\/i><a href=\"mailto:info@alkedinvest.com\">info@alkedinvest.com<\/a><\/li>\n<\/ul>\n<p>[\/vc_column_text]<div class=\"mh-heading-wrapper--left \">\r\n\t\r\n        <div class=\"mh-heading-wrapper\">\r\n            <h4            class=\"mh-heading     \"\r\n            style=\"font-weight:700;\">\r\n\t\t\t\u0641\u0631\u0645 \u062a\u0645\u0627\u0633        <\/h4>\r\n\r\n\t\t    <\/div>\r\n\r\n\t<\/div>\n<div class=\"wpcf7 no-js\" id=\"wpcf7-f24109-o4\" lang=\"fa-IR\" dir=\"rtl\">\n<div class=\"screen-reader-response\"><p role=\"status\" aria-live=\"polite\" aria-atomic=\"true\"><\/p> <ul><\/ul><\/div>\n<form action=\"\/fa\/wp-json\/wp\/v2\/pages\/1674#wpcf7-f24109-o4\" method=\"post\" class=\"wpcf7-form init\" aria-label=\"\u0641\u0631\u0645 \u062a\u0645\u0627\u0633\" novalidate=\"novalidate\" data-status=\"init\">\n<div style=\"display: none;\">\n<input type=\"hidden\" name=\"_wpcf7\" value=\"24109\" \/>\n<input type=\"hidden\" name=\"_wpcf7_version\" value=\"5.8.7\" \/>\n<input type=\"hidden\" name=\"_wpcf7_locale\" value=\"fa_IR\" \/>\n<input type=\"hidden\" name=\"_wpcf7_unit_tag\" value=\"wpcf7-f24109-o4\" \/>\n<input type=\"hidden\" name=\"_wpcf7_container_post\" value=\"0\" \/>\n<input type=\"hidden\" name=\"_wpcf7_posted_data_hash\" value=\"\" \/>\n<input type=\"hidden\" name=\"_wpcf7_recaptcha_response\" value=\"\" \/>\n<\/div>\n<p><label><span class=\"wpcf7-form-control-wrap\" data-name=\"your-name\"><input size=\"40\" class=\"wpcf7-form-control wpcf7-text wpcf7-validates-as-required\" aria-required=\"true\" aria-invalid=\"false\" placeholder=\"* \u0646\u0627\u0645 \u0634\u0645\u0627\" value=\"\" type=\"text\" name=\"your-name\" \/><\/span><\/label><br \/>\n<label><span class=\"wpcf7-form-control-wrap\" data-name=\"your-email\"><input size=\"40\" class=\"wpcf7-form-control wpcf7-email wpcf7-validates-as-required wpcf7-text wpcf7-validates-as-email\" aria-required=\"true\" aria-invalid=\"false\" placeholder=\"* \u0627\u06cc\u0645\u06cc\u0644 \u0634\u0645\u0627\" value=\"\" type=\"email\" name=\"your-email\" \/><\/span><\/label><br \/>\n<label><span class=\"wpcf7-form-control-wrap\" data-name=\"your-subject\"><input size=\"40\" class=\"wpcf7-form-control wpcf7-text\" aria-invalid=\"false\" placeholder=\"\u0645\u0648\u0636\u0648\u0639\" value=\"\" type=\"text\" name=\"your-subject\" \/><\/span> <\/label><br \/>\n<label><span class=\"wpcf7-form-control-wrap\" data-name=\"your-message\"><textarea cols=\"40\" rows=\"4\" class=\"wpcf7-form-control wpcf7-textarea\" aria-invalid=\"false\" placeholder=\"\u067e\u06cc\u063a\u0627\u0645 \u0634\u0645\u0627\" name=\"your-message\"><\/textarea><\/span> <\/label><br \/>\n<input class=\"wpcf7-form-control wpcf7-submit has-spinner\" type=\"submit\" value=\"\u062b\u0628\u062a\" \/>\n<\/p><input type='hidden' class='wpcf7-pum' value='{\"closepopup\":false,\"closedelay\":0,\"openpopup\":false,\"openpopup_id\":0}' \/><div class=\"wpcf7-response-output\" aria-hidden=\"true\"><\/div>\n<\/form>\n<\/div>\n<div class=\"essbfc-container essbfc-container-profiles essbfc-col-profiles essbfc-template-metro\"><ul><li class=\"essbfc-facebook\"><a href=\"https:\/\/www.facebook.com\/alkedinvest\" target=\"_blank\" rel=\"nofollow\" title=\"\"><div class=\"essbfc-network\"><i class=\"essbfc-icon essbfc-icon-facebook\"><\/i><\/div><\/a><\/li><li class=\"essbfc-instagram\"><a href=\"https:\/\/www.instagram.com\/Alkedinvest\" target=\"_blank\" rel=\"nofollow\" title=\"\"><div class=\"essbfc-network\"><i class=\"essbfc-icon essbfc-icon-instagram\"><\/i><\/div><\/a><\/li><li class=\"essbfc-youtube\"><a href=\"https:\/\/www.youtube.com\/@alkedinvest\" target=\"_blank\" rel=\"nofollow\" title=\"\"><div class=\"essbfc-network\"><i class=\"essbfc-icon essbfc-icon-youtube\"><\/i><\/div><\/a><\/li><li class=\"essbfc-vk\"><a href=\"#\" target=\"_blank\" rel=\"nofollow\" title=\"\"><div class=\"essbfc-network\"><i class=\"essbfc-icon essbfc-icon-vk\"><\/i><\/div><\/a><\/li><li class=\"essbfc-whatsapp\"><a href=\"https:\/\/wa.me\/905326548398\" target=\"_blank\" rel=\"nofollow\" title=\"\"><div class=\"essbfc-network\"><i class=\"essbfc-icon essbfc-icon-whatsapp\"><\/i><\/div><\/a><\/li><\/ul><\/div>[\/vc_column][vc_column width=&#8221;7\/12&#8243; css=&#8221;.vc_custom_1494336835635{padding-right: 24px !important;padding-left: 24px !important;background-color: #f4f4f4 !important;}&#8221;]<div class=\"mh-heading-wrapper--left \">\r\n\t\r\n        <div class=\"mh-heading-wrapper\">\r\n            <h4            class=\"mh-heading     \"\r\n            style=\"font-weight:700;\">\r\n\t\t\t\u062a\u06cc\u0645 \u0645\u0627        <\/h4>\r\n\r\n\t\t    <\/div>\r\n\r\n\t<\/div>[vc_column_text]\u0646\u0638\u0631\u0627\u062a \u0648 \u0627\u06cc\u062f\u0647 \u0647\u0627\u06cc \u0634\u0645\u0627 \u0647\u0645\u06cc\u0634\u0647 \u0628\u0631\u0627\u06cc \u0645\u0627 \u0628\u0633\u06cc\u0627\u0631 \u0645\u0647\u0645 \u0627\u0633\u062a.<br \/>\n\u0634\u0645\u0627 \u0645\u06cc \u062a\u0648\u0627\u0646\u06cc\u062f \u062f\u0631 \u0647\u0631 \u0632\u0645\u0627\u0646 \u0627\u0632 \u0637\u0631\u06cc\u0642 \u0627\u0637\u0644\u0627\u0639\u0627\u062a \u062a\u0645\u0627\u0633 \u0632\u06cc\u0631 \u06cc\u0627 \u0628\u0627 \u0627\u0633\u062a\u0641\u0627\u062f\u0647 \u0627\u0632 \u0641\u0631\u0645 \u0628\u0627 \u0645\u0627 \u062a\u0645\u0627\u0633 \u0628\u06af\u06cc\u0631\u06cc\u062f.[\/vc_column_text]\t<div class=\"owl-carousel owl-carousel--visible-2 \">\n\n\t\t\t\t\t<div class=\"mh-agent \">\n\t\t\t\t<div\n\t\t\t\t   class=\"mh-agent__thumbnail\"\n\t\t\t\t   title=\"Nimet Bulut\">\n\t\t\t\t\t\t\t<img\r\n\t\t\t\t\t\t\tdata-srcset=\"https:\/\/alkedinvest.com\/wp-content\/uploads\/2023\/12\/photo1703500040-e1703500123961-100x100.jpeg 100w, https:\/\/alkedinvest.com\/wp-content\/uploads\/2023\/12\/photo1703500040-e1703500123961-150x150.jpeg 150w, https:\/\/alkedinvest.com\/wp-content\/uploads\/2023\/12\/photo1703500040-e1703500123961-400x400.jpeg 400w, https:\/\/alkedinvest.com\/wp-content\/uploads\/2023\/12\/photo1703500040-e1703500123961-200x200.jpeg 200w\"\r\n\t\t\t\tclass=\"lazyload \"\r\n\t\t\t\tdata-sizes=\"auto\"\r\n\t\t\t\t\t\talt=\"Nimet Bulut\"\r\n\t\t>\r\n\t\t                    <div class=\"mh-agent__languages\">\n                    <img class=\"qtranxs-flag\" src=\"\/wp-content\/plugins\/qtranslate-xt\/flags\/tr.png\"><img class=\"qtranxs-flag\" src=\"\/wp-content\/plugins\/qtranslate-xt\/flags\/gb.png\">                    <\/div>\n\t\t\t\t<\/div>\n\n\t\t\t\t<div class=\"mh-agent__content\">\n\t\t\t\t\t<h3 class=\"mh-agent__heading\">Nimet Bulut<\/h3>\n\n\t\t\t\t\t\t\t\t\t\t\t<div class=\"mh-agent__additional-fields\">\n\t\t\t\t\t\t\t\t\t\t\t\t\t\t\t\t\t\t\t\t\t\t\t<div class=\"mh-agent__additional-fields__item organization\">\n                                    <strong>\u0645\u062f\u06cc\u0631<\/strong>\t\t\t\t\t\t\t\t<\/div>\n\t\t\t\t\t\t\t\t\t\t\t\t\t\t\t\t\t\t\t\t\t\t\t\t\t\t\t\t\t<\/div>\n\t\t\t\t\t\n\n\t\t\t\t\t\n\t\t\t\t\t<div class=\"mh-agent-contact\">\n\t\t\t\t\t\t\t\t\t\t\t\t\t\t\t\t\t\t\t\t\t<div class=\"mh-agent-contact__element\">\n\t\t\t\t\t\t\t\t\t<a href=\"mailto:nimet_bulut@hotmail.com\">\n\t\t\t\t\t\t\t\t\t\t<i class=\"flaticon-mail-2\"><\/i>\n\t\t\t\t\t\t\t\t\t\tnimet_bulut@hotmail.com\t\t\t\t\t\t\t\t\t<\/a>\n\t\t\t\t\t\t\t\t<\/div>\n\t\t\t\t\t\t\t\t\t\t\t\t\t\n\t\t\t\t\t\t\t\t\t\t\t\t\t\t\t\t\t\t\t\t\t<div class=\"mh-agent-contact__element\">\n\t\t\t\t\t\t\t\t\t<a href=\"tel:+905326548398\">\n\t\t\t\t\t\t\t\t\t\t<i class=\"flaticon-phone\"><\/i>\n\t\t\t\t\t\t\t\t\t\t+90 532 654 83 98\t\t\t\t\t\t\t\t\t<\/a>\n\t\t\t\t\t\t\t\t<\/div>\n\t\t\t\t\t\t\t\t\t\t\t\t\t\t\t\t\t\t<\/div>\n\n\t\t\t\t\t\n\t\t\t\t\t\t\t\t\t<\/div>\n\t\t\t<\/div>\n\n\t\t\t\t\t<div class=\"mh-agent \">\n\t\t\t\t<div\n\t\t\t\t   class=\"mh-agent__thumbnail\"\n\t\t\t\t   title=\"Kamil \u00c7elik\">\n\t\t\t\t\t\t\t<img\r\n\t\t\t\t\t\t\tdata-srcset=\"https:\/\/alkedinvest.com\/wp-content\/uploads\/2023\/12\/photo1703501131-1-e1703501423103-100x100.jpeg 100w, https:\/\/alkedinvest.com\/wp-content\/uploads\/2023\/12\/photo1703501131-1-e1703501423103-150x150.jpeg 150w, https:\/\/alkedinvest.com\/wp-content\/uploads\/2023\/12\/photo1703501131-1-e1703501423103-400x400.jpeg 400w, https:\/\/alkedinvest.com\/wp-content\/uploads\/2023\/12\/photo1703501131-1-e1703501423103-200x200.jpeg 200w\"\r\n\t\t\t\tclass=\"lazyload \"\r\n\t\t\t\tdata-sizes=\"auto\"\r\n\t\t\t\t\t\talt=\"Kamil \u00c7elik\"\r\n\t\t>\r\n\t\t                    <div class=\"mh-agent__languages\">\n                    <img class=\"qtranxs-flag\" src=\"\/wp-content\/plugins\/qtranslate-xt\/flags\/tr.png\">                    <\/div>\n\t\t\t\t<\/div>\n\n\t\t\t\t<div class=\"mh-agent__content\">\n\t\t\t\t\t<h3 class=\"mh-agent__heading\">Kamil \u00c7elik<\/h3>\n\n\t\t\t\t\t\t\t\t\t\t\t<div class=\"mh-agent__additional-fields\">\n\t\t\t\t\t\t\t\t\t\t\t\t\t\t\t\t\t\t\t\t\t\t\t<div class=\"mh-agent__additional-fields__item organization\">\n                                    <strong>\u0645\u062f\u06cc\u0631 \u06a9\u0644 (\u0645\u0627\u0644\u06a9)<\/strong>\t\t\t\t\t\t\t\t<\/div>\n\t\t\t\t\t\t\t\t\t\t\t\t\t\t\t\t\t\t\t\t\t\t\t<div class=\"mh-agent__additional-fields__item sort-order\">\n                                        \t\t\t\t\t\t\t\t\t<strong>\n    \t\t\t\t\t\t\t\t\t\tSort Order:\n    \t\t\t\t\t\t\t\t\t<\/strong>\n    \t\t\t\t\t\t\t\t\t    \t\t\t\t\t\t\t\t\t\t<a href=\"http:\/\/10\">\n    \t\t\t\t\t\t\t\t\t\t\t10    \t\t\t\t\t\t\t\t\t\t<\/a>\n    \t\t\t\t\t\t\t\t\t\t\t\t\t\t\t\t\t<\/div>\n\t\t\t\t\t\t\t\t\t\t\t\t\t\t\t\t\t\t\t\t\t<\/div>\n\t\t\t\t\t\n\n\t\t\t\t\t\n\t\t\t\t\t<div class=\"mh-agent-contact\">\n\t\t\t\t\t\t\t\t\t\t\t\t\t\t\t\t\t\t\t\t\t<div class=\"mh-agent-contact__element\">\n\t\t\t\t\t\t\t\t\t<a href=\"mailto:kamil@alkedinvest.com\">\n\t\t\t\t\t\t\t\t\t\t<i class=\"flaticon-mail-2\"><\/i>\n\t\t\t\t\t\t\t\t\t\tkamil@alkedinvest.com\t\t\t\t\t\t\t\t\t<\/a>\n\t\t\t\t\t\t\t\t<\/div>\n\t\t\t\t\t\t\t\t\t\t\t\t\t\n\t\t\t\t\t\t\t\t\t\t\t\t\t\t\t\t\t\t\t\t\t<div class=\"mh-agent-contact__element\">\n\t\t\t\t\t\t\t\t\t<a href=\"tel:+905326548398\">\n\t\t\t\t\t\t\t\t\t\t<i class=\"flaticon-phone\"><\/i>\n\t\t\t\t\t\t\t\t\t\t+90 532 654 83 98\t\t\t\t\t\t\t\t\t<\/a>\n\t\t\t\t\t\t\t\t<\/div>\n\t\t\t\t\t\t\t\t\t\t\t\t\t\t\t\t\t\t<\/div>\n\n\t\t\t\t\t\n\t\t\t\t\t\t\t\t\t<\/div>\n\t\t\t<\/div>\n\n\t\t\t\t\t<div class=\"mh-agent \">\n\t\t\t\t<div\n\t\t\t\t   class=\"mh-agent__thumbnail\"\n\t\t\t\t   title=\"Alireza Ghahremani\">\n\t\t\t\t\t\t\t<img\r\n\t\t\t\t\t\t\tdata-srcset=\"https:\/\/alkedinvest.com\/wp-content\/uploads\/2023\/12\/photo1703501542-e1703504799595-100x100.jpeg 100w, https:\/\/alkedinvest.com\/wp-content\/uploads\/2023\/12\/photo1703501542-e1703504799595-150x150.jpeg 150w, https:\/\/alkedinvest.com\/wp-content\/uploads\/2023\/12\/photo1703501542-e1703504799595-400x400.jpeg 400w, https:\/\/alkedinvest.com\/wp-content\/uploads\/2023\/12\/photo1703501542-e1703504799595-200x200.jpeg 200w\"\r\n\t\t\t\tclass=\"lazyload \"\r\n\t\t\t\tdata-sizes=\"auto\"\r\n\t\t\t\t\t\talt=\"Alireza Ghahremani\"\r\n\t\t>\r\n\t\t                    <div class=\"mh-agent__languages\">\n                    <img class=\"qtranxs-flag\" src=\"\/wp-content\/plugins\/qtranslate-xt\/flags\/tr.png\"><img class=\"qtranxs-flag\" src=\"\/wp-content\/plugins\/qtranslate-xt\/flags\/gb.png\"><img class=\"qtranxs-flag\" src=\"\/wp-content\/plugins\/qtranslate-xt\/flags\/ir.png\">                    <\/div>\n\t\t\t\t<\/div>\n\n\t\t\t\t<div class=\"mh-agent__content\">\n\t\t\t\t\t<h3 class=\"mh-agent__heading\">Alireza Ghahremani<\/h3>\n\n\t\t\t\t\t\t\t\t\t\t\t<div class=\"mh-agent__additional-fields\">\n\t\t\t\t\t\t\t\t\t\t\t\t\t\t\t\t\t\t\t\t\t\t\t<div class=\"mh-agent__additional-fields__item organization\">\n                                    <strong>\u0645\u0634\u0627\u0648\u0631 \u0641\u0631\u0648\u0634<\/strong>\t\t\t\t\t\t\t\t<\/div>\n\t\t\t\t\t\t\t\t\t\t\t\t\t\t\t\t\t\t\t\t\t\t\t<div class=\"mh-agent__additional-fields__item sort-order\">\n                                        \t\t\t\t\t\t\t\t\t<strong>\n    \t\t\t\t\t\t\t\t\t\tSort Order:\n    \t\t\t\t\t\t\t\t\t<\/strong>\n    \t\t\t\t\t\t\t\t\t    \t\t\t\t\t\t\t\t\t\t<a href=\"http:\/\/20\">\n    \t\t\t\t\t\t\t\t\t\t\t20    \t\t\t\t\t\t\t\t\t\t<\/a>\n    \t\t\t\t\t\t\t\t\t\t\t\t\t\t\t\t\t<\/div>\n\t\t\t\t\t\t\t\t\t\t\t\t\t\t\t\t\t\t\t\t\t<\/div>\n\t\t\t\t\t\n\n\t\t\t\t\t\n\t\t\t\t\t<div class=\"mh-agent-contact\">\n\t\t\t\t\t\t\t\t\t\t\t\t\t\t\t\t\t\t\t\t\t<div class=\"mh-agent-contact__element\">\n\t\t\t\t\t\t\t\t\t<a href=\"mailto:alkedalanya@gmail.com\">\n\t\t\t\t\t\t\t\t\t\t<i class=\"flaticon-mail-2\"><\/i>\n\t\t\t\t\t\t\t\t\t\talkedalanya@gmail.com\t\t\t\t\t\t\t\t\t<\/a>\n\t\t\t\t\t\t\t\t<\/div>\n\t\t\t\t\t\t\t\t\t\t\t\t\t\n\t\t\t\t\t\t\t\t\t\t\t\t\t\t\t\t\t\t\t\t\t<div class=\"mh-agent-contact__element\">\n\t\t\t\t\t\t\t\t\t<a href=\"tel:+905326548398\">\n\t\t\t\t\t\t\t\t\t\t<i class=\"flaticon-phone\"><\/i>\n\t\t\t\t\t\t\t\t\t\t+90 532 654 83 98\t\t\t\t\t\t\t\t\t<\/a>\n\t\t\t\t\t\t\t\t<\/div>\n\t\t\t\t\t\t\t\t\t\t\t\t\t\t\t\t\t\t<\/div>\n\n\t\t\t\t\t\n\t\t\t\t\t\t\t\t\t<\/div>\n\t\t\t<\/div>\n\n\t\t\t\t\t<div class=\"mh-agent \">\n\t\t\t\t<div\n\t\t\t\t   class=\"mh-agent__thumbnail\"\n\t\t\t\t   title=\"Kaan \u00c7elik\">\n\t\t\t\t\t\t\t<img\r\n\t\t\t\t\t\t\tdata-srcset=\"https:\/\/alkedinvest.com\/wp-content\/uploads\/2023\/06\/photo_5805408205268959463_y-1-e1687346265540-100x100.jpg 100w, https:\/\/alkedinvest.com\/wp-content\/uploads\/2023\/06\/photo_5805408205268959463_y-1-e1687346265540-150x150.jpg 150w, https:\/\/alkedinvest.com\/wp-content\/uploads\/2023\/06\/photo_5805408205268959463_y-1-e1687346265540-400x400.jpg 400w, https:\/\/alkedinvest.com\/wp-content\/uploads\/2023\/06\/photo_5805408205268959463_y-1-e1687346265540-200x200.jpg 200w\"\r\n\t\t\t\tclass=\"lazyload \"\r\n\t\t\t\tdata-sizes=\"auto\"\r\n\t\t\t\t\t\talt=\"Kaan \u00c7elik\"\r\n\t\t>\r\n\t\t                    <div class=\"mh-agent__languages\">\n                    <img class=\"qtranxs-flag\" src=\"\/wp-content\/plugins\/qtranslate-xt\/flags\/tr.png\"><img class=\"qtranxs-flag\" src=\"\/wp-content\/plugins\/qtranslate-xt\/flags\/gb.png\">                    <\/div>\n\t\t\t\t<\/div>\n\n\t\t\t\t<div class=\"mh-agent__content\">\n\t\t\t\t\t<h3 class=\"mh-agent__heading\">Kaan \u00c7elik<\/h3>\n\n\t\t\t\t\t\t\t\t\t\t\t<div class=\"mh-agent__additional-fields\">\n\t\t\t\t\t\t\t\t\t\t\t\t\t\t\t\t\t\t\t\t\t\t\t<div class=\"mh-agent__additional-fields__item organization\">\n                                    <strong>\u0645\u0634\u0627\u0648\u0631 \u0641\u0631\u0648\u0634<\/strong>\t\t\t\t\t\t\t\t<\/div>\n\t\t\t\t\t\t\t\t\t\t\t\t\t\t\t\t\t\t\t\t\t\t\t<div class=\"mh-agent__additional-fields__item sort-order\">\n                                        \t\t\t\t\t\t\t\t\t<strong>\n    \t\t\t\t\t\t\t\t\t\tSort Order:\n    \t\t\t\t\t\t\t\t\t<\/strong>\n    \t\t\t\t\t\t\t\t\t    \t\t\t\t\t\t\t\t\t\t<a href=\"http:\/\/40\">\n    \t\t\t\t\t\t\t\t\t\t\t40    \t\t\t\t\t\t\t\t\t\t<\/a>\n    \t\t\t\t\t\t\t\t\t\t\t\t\t\t\t\t\t<\/div>\n\t\t\t\t\t\t\t\t\t\t\t\t\t\t\t\t\t\t\t\t\t<\/div>\n\t\t\t\t\t\n\n\t\t\t\t\t\n\t\t\t\t\t<div class=\"mh-agent-contact\">\n\t\t\t\t\t\t\t\t\t\t\t\t\t\t\t\t\t\t\t\t\t<div class=\"mh-agent-contact__element\">\n\t\t\t\t\t\t\t\t\t<a href=\"mailto:Kaan@alkedinvest.com\">\n\t\t\t\t\t\t\t\t\t\t<i class=\"flaticon-mail-2\"><\/i>\n\t\t\t\t\t\t\t\t\t\tKaan@alkedinvest.com\t\t\t\t\t\t\t\t\t<\/a>\n\t\t\t\t\t\t\t\t<\/div>\n\t\t\t\t\t\t\t\t\t\t\t\t\t\n\t\t\t\t\t\t\t\t\t\t\t\t\t\t\t\t\t\t\t\t\t<div class=\"mh-agent-contact__element\">\n\t\t\t\t\t\t\t\t\t<a href=\"tel:+905326548398\">\n\t\t\t\t\t\t\t\t\t\t<i class=\"flaticon-phone\"><\/i>\n\t\t\t\t\t\t\t\t\t\t+90 532 654 83 98\t\t\t\t\t\t\t\t\t<\/a>\n\t\t\t\t\t\t\t\t<\/div>\n\t\t\t\t\t\t\t\t\t\t\t\t\t\t\t\t\t\t<\/div>\n\n\t\t\t\t\t\n\t\t\t\t\t\t\t\t\t<\/div>\n\t\t\t<\/div>\n\n\t\t\t\t\t<div class=\"mh-agent \">\n\t\t\t\t<div\n\t\t\t\t   class=\"mh-agent__thumbnail\"\n\t\t\t\t   title=\"Elif Y\u0131lmaz\">\n\t\t\t\t\t\t\t<img\r\n\t\t\t\t\t\t\tdata-srcset=\"https:\/\/alkedinvest.com\/wp-content\/uploads\/2023\/12\/photo1703575918-1-e1703576045147-100x100.jpeg 100w, https:\/\/alkedinvest.com\/wp-content\/uploads\/2023\/12\/photo1703575918-1-e1703576045147-150x150.jpeg 150w, https:\/\/alkedinvest.com\/wp-content\/uploads\/2023\/12\/photo1703575918-1-e1703576045147-400x400.jpeg 400w, https:\/\/alkedinvest.com\/wp-content\/uploads\/2023\/12\/photo1703575918-1-e1703576045147-200x200.jpeg 200w\"\r\n\t\t\t\tclass=\"lazyload \"\r\n\t\t\t\tdata-sizes=\"auto\"\r\n\t\t\t\t\t\talt=\"Elif Y\u0131lmaz\"\r\n\t\t>\r\n\t\t                    <div class=\"mh-agent__languages\">\n                    <img class=\"qtranxs-flag\" src=\"\/wp-content\/plugins\/qtranslate-xt\/flags\/tr.png\"><img class=\"qtranxs-flag\" src=\"\/wp-content\/plugins\/qtranslate-xt\/flags\/arle.png\">                    <\/div>\n\t\t\t\t<\/div>\n\n\t\t\t\t<div class=\"mh-agent__content\">\n\t\t\t\t\t<h3 class=\"mh-agent__heading\">Elif Y\u0131lmaz<\/h3>\n\n\t\t\t\t\t\t\t\t\t\t\t<div class=\"mh-agent__additional-fields\">\n\t\t\t\t\t\t\t\t\t\t\t\t\t\t\t\t\t\t\t\t\t\t\t<div class=\"mh-agent__additional-fields__item organization\">\n                                    <strong>\u0645\u0634\u0627\u0648\u0631 \u0641\u0631\u0648\u0634<\/strong>\t\t\t\t\t\t\t\t<\/div>\n\t\t\t\t\t\t\t\t\t\t\t\t\t\t\t\t\t\t\t\t\t\t\t<div class=\"mh-agent__additional-fields__item sort-order\">\n                                        \t\t\t\t\t\t\t\t\t<strong>\n    \t\t\t\t\t\t\t\t\t\tSort Order:\n    \t\t\t\t\t\t\t\t\t<\/strong>\n    \t\t\t\t\t\t\t\t\t    \t\t\t\t\t\t\t\t\t\t<a href=\"http:\/\/50\">\n    \t\t\t\t\t\t\t\t\t\t\t50    \t\t\t\t\t\t\t\t\t\t<\/a>\n    \t\t\t\t\t\t\t\t\t\t\t\t\t\t\t\t\t<\/div>\n\t\t\t\t\t\t\t\t\t\t\t\t\t\t\t\t\t\t\t\t\t<\/div>\n\t\t\t\t\t\n\n\t\t\t\t\t\n\t\t\t\t\t<div class=\"mh-agent-contact\">\n\t\t\t\t\t\t\t\t\t\t\t\t\t\t\t\t\t\t\t\t\t<div class=\"mh-agent-contact__element\">\n\t\t\t\t\t\t\t\t\t<a href=\"mailto:Elif@alkedinvest.com\">\n\t\t\t\t\t\t\t\t\t\t<i class=\"flaticon-mail-2\"><\/i>\n\t\t\t\t\t\t\t\t\t\tElif@alkedinvest.com\t\t\t\t\t\t\t\t\t<\/a>\n\t\t\t\t\t\t\t\t<\/div>\n\t\t\t\t\t\t\t\t\t\t\t\t\t\n\t\t\t\t\t\t\t\t\t\t\t\t\t\t\t\t\t\t\t\t\t<div class=\"mh-agent-contact__element\">\n\t\t\t\t\t\t\t\t\t<a href=\"tel:+905326548398\">\n\t\t\t\t\t\t\t\t\t\t<i class=\"flaticon-phone\"><\/i>\n\t\t\t\t\t\t\t\t\t\t+90 532 654 83 98\t\t\t\t\t\t\t\t\t<\/a>\n\t\t\t\t\t\t\t\t<\/div>\n\t\t\t\t\t\t\t\t\t\t\t\t\t\t\t\t\t\t<\/div>\n\n\t\t\t\t\t\n\t\t\t\t\t\t\t\t\t<\/div>\n\t\t\t<\/div>\n\n\t\t\n\t<\/div>\n\n[\/vc_column][\/vc_row]<\/p>\n<\/section>","protected":false},"excerpt":{"rendered":"<p>[vc_row full_width=&#8221;stretch_row_content_no_spaces&#8221;][vc_column][vc_gmaps link=&#8221;#E-8_JTNDaWZyYW1lJTIwc3JjJTNEJTIyaHR0cHMlM0ElMkYlMkZ3d3cuZ29vZ2xlLmNvbSUyRm1hcHMlMkZlbWJlZCUzRnBiJTNEJTIxMW0xOCUyMTFtMTIlMjExbTMlMjExZDMyMDUuMTE5MDIyODkzNjgxJTIxMmQzMi4wMDg4NzQlMjEzZDM2LjU1MTI0MyUyMTJtMyUyMTFmMCUyMTJmMCUyMTNmMCUyMTNtMiUyMTFpMTAyNCUyMTJpNzY4JTIxNGYxMy4xJTIxM20zJTIxMW0yJTIxMXMweDE0ZGM5OTllYWVkZTkyZmYlMjUzQTB4ZTVkNmRkZWE3YmQwZGI1OCUyMTJzQUwtS0VEJTI1MjBHQVlSJTI1QzQlMjVCME1FTktVTCUyMTVlMCUyMTNtMiUyMTFzZW4lMjEyc3RyJTIxNHYxNjg1MDAzMDUxMjQzJTIxNW0yJTIxMXNlbiUyMTJzdHIlMjIlMjB3aWR0aCUzRCUyMjYwMCUyMiUyMGhlaWdodCUzRCUyMjM1MCUyMiUyMHN0eWxlJTNEJTIyYm9yZGVyJTNBMCUzQiUyMiUyMGFsbG93ZnVsbHNjcmVlbiUzRCUyMiUyMiUyMGxvYWRpbmclM0QlMjJsYXp5JTIyJTIwcmVmZXJyZXJwb2xpY3klM0QlMjJuby1yZWZlcnJlci13aGVuLWRvd25ncmFkZSUyMiUzRSUzQyUyRmlmcmFtZSUzRQ==&#8221; css=&#8221;.vc_custom_1685003108985{margin-top: 0px !important;margin-right: 0px !important;margin-bottom: 0px !important;margin-left: 0px !important;border-top-width: 0px !important;border-right-width: 0px !important;border-bottom-width: 0px !important;border-left-width: 0px !important;padding-top: 0px !important;padding-right: 0px !important;padding-bottom: 0px !important;padding-left: 0px !important;}&#8221;][\/vc_column][\/vc_row][vc_row full_width=&#8221;stretch_row&#8221; css=&#8221;.vc_custom_1579341302886{border-top-width: 3px !important;border-top-color: #dd9933 !important;border-top-style: solid !important;}&#8221;][vc_column][vc_column_text]\u0628\u0631\u0627\u06cc \u062a\u0645\u0627\u0633 \u0628\u0627 \u0645\u0627 \u0627\u0632 \u0627\u0637\u0644\u0627\u0639\u0627\u062a \u0632\u06cc\u0631 \u0627\u0633\u062a\u0641\u0627\u062f\u0647 \u06a9\u0646\u06cc\u062f \u06cc\u0627 \u0628\u0627 \u0627\u0633\u062a\u0641\u0627\u062f\u0647 \u0627\u0632 \u0641\u0631\u0645 \u062a\u0645\u0627\u0633 \u067e\u06cc\u0627\u0645 \u0628\u06af\u0630\u0627\u0631\u06cc\u062f.[\/vc_column_text][\/vc_column][\/vc_row][vc_row full_width=&#8221;stretch_row&#8221; equal_height=&#8221;yes&#8221; css=&#8221;.vc_custom_1579341147743{margin-bottom: [&hellip;]<\/p>\n","protected":false},"author":29,"featured_media":0,"parent":0,"menu_order":0,"comment_status":"closed","ping_status":"closed","template":"page_full-width.php","meta":[],"_links":{"self":[{"href":"https:\/\/alkedinvest.com\/fa\/wp-json\/wp\/v2\/pages\/1674"}],"collection":[{"href":"https:\/\/alkedinvest.com\/fa\/wp-json\/wp\/v2\/pages"}],"about":[{"href":"https:\/\/alkedinvest.com\/fa\/wp-json\/wp\/v2\/types\/page"}],"author":[{"embeddable":true,"href":"https:\/\/alkedinvest.com\/fa\/wp-json\/wp\/v2\/users\/29"}],"replies":[{"embeddable":true,"href":"https:\/\/alkedinvest.com\/fa\/wp-json\/wp\/v2\/comments?post=1674"}],"version-history":[{"count":4,"href":"https:\/\/alkedinvest.com\/fa\/wp-json\/wp\/v2\/pages\/1674\/revisions"}],"predecessor-version":[{"id":27603,"href":"https:\/\/alkedinvest.com\/fa\/wp-json\/wp\/v2\/pages\/1674\/revisions\/27603"}],"wp:attachment":[{"href":"https:\/\/alkedinvest.com\/fa\/wp-json\/wp\/v2\/media?parent=1674"}],"curies":[{"name":"wp","href":"https:\/\/api.w.org\/{rel}","templated":true}]}}